{"id":532,"date":"2026-01-10T16:35:30","date_gmt":"2026-01-10T19:35:30","guid":{"rendered":"https:\/\/ppcomp.ufape.edu.br\/?page_id=532"},"modified":"2026-01-10T16:55:14","modified_gmt":"2026-01-10T19:55:14","slug":"editais","status":"publish","type":"page","link":"https:\/\/ppcomp.ufape.edu.br\/?page_id=532","title":{"rendered":"Editais"},"content":{"rendered":"\n<p><strong>2025<\/strong><\/p>\n\n\n\n<div style=\"height:16px\" aria-hidden=\"true\" class=\"wp-block-spacer\"><\/div>\n\n\n\n<p class=\"has-text-align-center\"><a href=\"https:\/\/ppcomp.ufape.edu.br\/wp-content\/uploads\/2025\/07\/Edital-PPCOMP-2025-1.pdf\" data-type=\"link\" data-id=\"https:\/\/ppcomp.ufape.edu.br\/wp-content\/uploads\/2025\/07\/Edital-PPCOMP-2025-1.pdf\">Edital PPCOMP &#8211; 2025<\/a><\/p>\n\n\n\n<p class=\"has-text-align-center\"><a href=\"https:\/\/ppcomp.ufape.edu.br\/wp-content\/uploads\/2025\/08\/Cronograma-retificado-Edital-PPCOMP-2025.pdf\" data-type=\"link\" data-id=\"https:\/\/ppcomp.ufape.edu.br\/wp-content\/uploads\/2025\/08\/Cronograma-retificado-Edital-PPCOMP-2025.pdf\">Cronograma retificado<\/a><\/p>\n\n\n\n<p class=\"has-text-align-center\"><a href=\"https:\/\/ppcomp.ufape.edu.br\/wp-content\/uploads\/2025\/08\/Homologacao-de-inscricoes-Edital-PPCOMP-2025.pdf\" data-type=\"link\" data-id=\"https:\/\/ppcomp.ufape.edu.br\/wp-content\/uploads\/2025\/08\/Homologacao-de-inscricoes-Edital-PPCOMP-2025.pdf\">Inscri\u00e7\u00f5es homologadas &#8211; Preliminar<\/a><\/p>\n\n\n\n<p class=\"has-text-align-center\"><a href=\"https:\/\/ppcomp.ufape.edu.br\/wp-content\/uploads\/2025\/08\/Homologacao-de-inscricoes-final-Edital-PPCOMP-2025.pdf\" data-type=\"link\" data-id=\"https:\/\/ppcomp.ufape.edu.br\/wp-content\/uploads\/2025\/08\/Homologacao-de-inscricoes-final-Edital-PPCOMP-2025.pdf\">Inscri\u00e7\u00f5es homologadas &#8211; Final<\/a><\/p>\n\n\n\n<p class=\"has-text-align-center\"><a href=\"https:\/\/ppcomp.ufape.edu.br\/wp-content\/uploads\/2025\/08\/Resultado-preliminar-Edital-PPCOMP-2025.pdf\" data-type=\"link\" data-id=\"https:\/\/ppcomp.ufape.edu.br\/wp-content\/uploads\/2025\/08\/Resultado-preliminar-Edital-PPCOMP-2025.pdf\">Resultado preliminar<\/a><\/p>\n\n\n\n<p class=\"has-text-align-center\"><a href=\"https:\/\/ppcomp.ufape.edu.br\/wp-content\/uploads\/2025\/08\/Convocacao-candidatos-pretos-e-pardos.pdf\" data-type=\"link\" data-id=\"https:\/\/ppcomp.ufape.edu.br\/wp-content\/uploads\/2025\/08\/Convocacao-candidatos-pretos-e-pardos.pdf\">Convoca\u00e7\u00e3o candidatos pretos e pardos<\/a><\/p>\n\n\n\n<p class=\"has-text-align-center\"><a href=\"https:\/\/ppcomp.ufape.edu.br\/wp-content\/uploads\/2025\/08\/Convocacao-candidatos-com-deficiencia.pdf\" data-type=\"link\" data-id=\"https:\/\/ppcomp.ufape.edu.br\/wp-content\/uploads\/2025\/08\/Convocacao-candidatos-com-deficiencia.pdf\">Convoca\u00e7\u00e3o candidatos com defici\u00eancia<\/a><\/p>\n\n\n\n<p class=\"has-text-align-center\"><a href=\"https:\/\/ppcomp.ufape.edu.br\/wp-content\/uploads\/2025\/08\/Documentos-matricula-PPCOMP.pdf\" data-type=\"link\" data-id=\"https:\/\/ppcomp.ufape.edu.br\/wp-content\/uploads\/2025\/08\/Documentos-matricula-PPCOMP.pdf\">Documentos matr\u00edcula<\/a><\/p>\n\n\n\n<p class=\"has-text-align-center\"><a href=\"https:\/\/ppcomp.ufape.edu.br\/wp-content\/uploads\/2025\/08\/Ficha_de_Identificacao_do_Discente.pdf\" data-type=\"link\" data-id=\"https:\/\/ppcomp.ufape.edu.br\/wp-content\/uploads\/2025\/08\/Ficha_de_Identificacao_do_Discente.pdf\">Ficha de identifica\u00e7\u00e3o do discente<\/a><\/p>\n\n\n\n<p class=\"has-text-align-center\"><a href=\"https:\/\/ppcomp.ufape.edu.br\/wp-content\/uploads\/2025\/08\/Resultado-final-Edital-PPCOMP-2025.pdf\" data-type=\"link\" data-id=\"https:\/\/ppcomp.ufape.edu.br\/wp-content\/uploads\/2025\/08\/Resultado-final-Edital-PPCOMP-2025.pdf\">Resultado final<\/a><\/p>\n\n\n\n<p class=\"has-text-align-center\"><a href=\"https:\/\/ppcomp.ufape.edu.br\/wp-content\/uploads\/2025\/08\/Ranking-geral-PPCOMP-2025.pdf\" data-type=\"link\" data-id=\"https:\/\/ppcomp.ufape.edu.br\/wp-content\/uploads\/2025\/08\/Ranking-geral-PPCOMP-2025.pdf\">Ranking geral<\/a><\/p>\n\n\n\n<p class=\"has-text-align-center\"><a href=\"https:\/\/ppcomp.ufape.edu.br\/wp-content\/uploads\/2025\/09\/Ranking-prioritario-bolsas-PPCOMP-2025.pdf\" data-type=\"link\" data-id=\"https:\/\/ppcomp.ufape.edu.br\/wp-content\/uploads\/2025\/09\/Ranking-prioritario-bolsas-PPCOMP-2025.pdf\">Ranking priorit\u00e1rio de bolsas<\/a><\/p>\n\n\n\n<p class=\"has-text-align-center\"><a href=\"https:\/\/ppcomp.ufape.edu.br\/wp-content\/uploads\/2025\/09\/Ranking-prioritario-bolsas-PPCOMP-2025-Atualizado.pdf\" data-type=\"link\" data-id=\"https:\/\/ppcomp.ufape.edu.br\/wp-content\/uploads\/2025\/09\/Ranking-prioritario-bolsas-PPCOMP-2025-Atualizado.pdf\">Ranking priorit\u00e1rio de bolsa &#8211; atualizado<\/a><\/p>\n","protected":false},"excerpt":{"rendered":"<p>2025 Edital PPCOMP &#8211; 2025 Cronograma retificado Inscri\u00e7\u00f5es homologadas &#8211; Preliminar Inscri\u00e7\u00f5es homologadas &#8211; Final Resultado preliminar Convoca\u00e7\u00e3o candidatos pretos e pardos Convoca\u00e7\u00e3o candidatos com defici\u00eancia Documentos matr\u00edcula Ficha de identifica\u00e7\u00e3o do discente Resultado final Ranking geral Ranking priorit\u00e1rio de bolsas Ranking priorit\u00e1rio de bolsa &#8211; atualizado<\/p>\n","protected":false},"author":2,"featured_media":0,"parent":0,"menu_order":0,"comment_status":"closed","ping_status":"closed","template":"","meta":{"elearning_container_layout":"tg-site-layout--default","elearning_sidebar_layout":"tg-site-layout--default","elearning_remove_content_margin":false,"elearning_sidebar":"default","elearning_transparent_header":"customizer","elearning_logo":0,"elearning_header_style":"default","elearning_menu_item_color":"","elearning_menu_item_hover_color":"","elearning_menu_item_active_color":"","elearning_menu_item_active_style":"","elearning_page_header":true,"footnotes":""},"class_list":["post-532","page","type-page","status-publish","hentry"],"_links":{"self":[{"href":"https:\/\/ppcomp.ufape.edu.br\/index.php?rest_route=\/wp\/v2\/pages\/532","targetHints":{"allow":["GET"]}}],"collection":[{"href":"https:\/\/ppcomp.ufape.edu.br\/index.php?rest_route=\/wp\/v2\/pages"}],"about":[{"href":"https:\/\/ppcomp.ufape.edu.br\/index.php?rest_route=\/wp\/v2\/types\/page"}],"author":[{"embeddable":true,"href":"https:\/\/ppcomp.ufape.edu.br\/index.php?rest_route=\/wp\/v2\/users\/2"}],"replies":[{"embeddable":true,"href":"https:\/\/ppcomp.ufape.edu.br\/index.php?rest_route=%2Fwp%2Fv2%2Fcomments&post=532"}],"version-history":[{"count":2,"href":"https:\/\/ppcomp.ufape.edu.br\/index.php?rest_route=\/wp\/v2\/pages\/532\/revisions"}],"predecessor-version":[{"id":535,"href":"https:\/\/ppcomp.ufape.edu.br\/index.php?rest_route=\/wp\/v2\/pages\/532\/revisions\/535"}],"wp:attachment":[{"href":"https:\/\/ppcomp.ufape.edu.br\/index.php?rest_route=%2Fwp%2Fv2%2Fmedia&parent=532"}],"curies":[{"name":"wp","href":"https:\/\/api.w.org\/{rel}","templated":true}]}}