{"id":52,"date":"2025-07-02T19:27:35","date_gmt":"2025-07-02T22:27:35","guid":{"rendered":"https:\/\/ppcomp.ufape.edu.br\/?page_id=52"},"modified":"2025-07-21T20:44:38","modified_gmt":"2025-07-21T23:44:38","slug":"areas-de-pesquisa","status":"publish","type":"page","link":"https:\/\/ppcomp.ufape.edu.br\/?page_id=52","title":{"rendered":""},"content":{"rendered":"\n<h1 class=\"wp-block-heading alignwide has-text-align-center\">\u00c1reas de Pesquisa<\/h1>\n\n\n\n<div style=\"height:1.25rem\" aria-hidden=\"true\" class=\"wp-block-spacer\"><\/div>\n\n\n\n<div style=\"height:1.25rem\" aria-hidden=\"true\" class=\"wp-block-spacer\"><\/div>\n\n\n\n<div class=\"wp-block-group alignwide has-base-background-color has-background is-layout-flow wp-block-group-is-layout-flow\" style=\"margin-top:0;margin-bottom:0;padding-top:0;padding-right:var(--wp--preset--spacing--20);padding-bottom:0;padding-left:var(--wp--preset--spacing--20)\">\n<div class=\"wp-block-group is-vertical is-content-justification-center is-layout-flex wp-container-core-group-is-layout-5a6c4523 wp-block-group-is-layout-flex\">\n<p class=\"has-text-align-left\">Neste programa de mestrado, a atua\u00e7\u00e3o na \u00e1rea de concentra\u00e7\u00e3o escolhida envolve atividades em v\u00e1rias sub\u00e1reas da Ci\u00eancia da Computa\u00e7\u00e3o, concentrando-se em duas linhas de pesquisa: Sistemas de Computa\u00e7\u00e3o (SC) e Computa\u00e7\u00e3o Inteligente (CI). No caso espec\u00edfico desse projeto, uma das principais inten\u00e7\u00f5es \u00e9 o desenvolvimento regional, aplicando conceitos de Ci\u00eancia da Computa\u00e7\u00e3o para a pesquisa e resolu\u00e7\u00e3o de problemas do cotidiano. Dessa forma, outras \u00e1reas de conhecimento da nossa institui\u00e7\u00e3o e\/ou externas, provenientes ou n\u00e3o de Estados e regi\u00f5es diferentes, podem atuar em conjunto com essas duas linhas de pesquisa, permitindo aplic\u00e1-las em seus respectivos problemas de pesquisa para o desenvolvimento de tecnologias e solu\u00e7\u00f5es. Essa interdisciplinaridade possibilita o fomento de projetos, parcerias, colabora\u00e7\u00f5es e investimentos em pesquisa como solu\u00e7\u00f5es para problemas reais regionais.<\/p>\n<\/div>\n<\/div>\n\n\n\n<div style=\"height:1.25rem\" aria-hidden=\"true\" class=\"wp-block-spacer\"><\/div>\n\n\n\n<div class=\"wp-block-group alignwide has-base-background-color has-background is-layout-flow wp-block-group-is-layout-flow\" style=\"margin-top:0;margin-bottom:0;padding-top:var(--wp--preset--spacing--10);padding-right:var(--wp--preset--spacing--20);padding-bottom:var(--wp--preset--spacing--10);padding-left:var(--wp--preset--spacing--20)\">\n<div class=\"wp-block-group is-vertical is-content-justification-center is-layout-flex wp-container-core-group-is-layout-5a6c4523 wp-block-group-is-layout-flex\">\n<h2 class=\"wp-block-heading has-text-align-center is-style-default\">Sistemas de Computa\u00e7\u00e3o<\/h2>\n\n\n\n<div style=\"height:0px\" aria-hidden=\"true\" class=\"wp-block-spacer wp-container-content-4f2ccadb\"><\/div>\n\n\n\n<div style=\"height:0px\" aria-hidden=\"true\" class=\"wp-block-spacer wp-container-content-4f2ccadb\"><\/div>\n\n\n\n<div style=\"height:0px\" aria-hidden=\"true\" class=\"wp-block-spacer wp-container-content-4f2ccadb\"><\/div>\n\n\n\n<p class=\"has-text-align-left\">Esta linha de pesquisa trata da proposi\u00e7\u00e3o e avalia\u00e7\u00e3o de metodologias, arquiteturas, t\u00e9cnicas e algoritmos que visam aprimorar o desenvolvimento e funcionamento de sistemas computacionais. Focamos em t\u00e9cnicas de modelagem para criar sistemas modulares e em algoritmos para aprimorar a organiza\u00e7\u00e3o e manipula\u00e7\u00e3o de dados. Nesse sentido, s\u00e3o propostos estudos visando aprimorar tanto o processo de desenvolvimento de software quanto a qualidade dos sistemas desenvolvidos. Al\u00e9m disso, ser\u00e3o realizadas propostas, avalia\u00e7\u00f5es, aprimoramentos e valida\u00e7\u00f5es de solu\u00e7\u00f5es relacionadas \u00e0 l\u00f3gica e infraestrutura de armazenamento, processamento e transmiss\u00e3o de dados, bem como a distribui\u00e7\u00e3o, comunica\u00e7\u00e3o e escalabilidade de sistemas computacionais.<\/p>\n<\/div>\n<\/div>\n\n\n\n<div style=\"height:1.25rem\" aria-hidden=\"true\" class=\"wp-block-spacer\"><\/div>\n\n\n\n<div class=\"wp-block-group alignwide has-base-background-color has-background is-layout-flow wp-block-group-is-layout-flow\" style=\"margin-top:0;margin-bottom:0;padding-top:var(--wp--preset--spacing--10);padding-right:var(--wp--preset--spacing--20);padding-bottom:var(--wp--preset--spacing--10);padding-left:var(--wp--preset--spacing--20)\">\n<div class=\"wp-block-group is-vertical is-content-justification-center is-layout-flex wp-container-core-group-is-layout-5a6c4523 wp-block-group-is-layout-flex\">\n<h2 class=\"wp-block-heading has-text-align-center is-style-default\">Computa\u00e7\u00e3o Inteligente<\/h2>\n\n\n\n<div style=\"height:0px\" aria-hidden=\"true\" class=\"wp-block-spacer wp-container-content-4f2ccadb\"><\/div>\n\n\n\n<div style=\"height:0px\" aria-hidden=\"true\" class=\"wp-block-spacer wp-container-content-4f2ccadb\"><\/div>\n\n\n\n<div style=\"height:0px\" aria-hidden=\"true\" class=\"wp-block-spacer wp-container-content-4f2ccadb\"><\/div>\n\n\n\n<p class=\"has-text-align-left\">Tem como objetivo principal estabelecer e divulgar expertise na modelagem e na solu\u00e7\u00e3o de problemas reais por meio de uma abordagem computacional e matem\u00e1tica n\u00e3o convencional, focada em paradigmas da Intelig\u00eancia Computacional e Modelagem Matem\u00e1tica em suas principais ramifica\u00e7\u00f5es. Esta linha desenvolve temas em Intelig\u00eancia Artificial (Simb\u00f3lica e Computacional), aplicando modelagem algor\u00edtmica para solucionar problemas de otimiza\u00e7\u00e3o em diversas \u00e1reas, como transportes, biologia computacional e planejamento de redes.<\/p>\n<\/div>\n<\/div>\n","protected":false},"excerpt":{"rendered":"<p>\u00c1reas de Pesquisa Neste programa de mestrado, a atua\u00e7\u00e3o na \u00e1rea de concentra\u00e7\u00e3o escolhida envolve atividades em v\u00e1rias sub\u00e1reas da Ci\u00eancia da Computa\u00e7\u00e3o, concentrando-se em duas linhas de pesquisa: Sistemas de Computa\u00e7\u00e3o (SC) e Computa\u00e7\u00e3o Inteligente (CI). No caso espec\u00edfico desse projeto, uma das principais inten\u00e7\u00f5es \u00e9 o desenvolvimento regional, aplicando conceitos de Ci\u00eancia da [&hellip;]<\/p>\n","protected":false},"author":2,"featured_media":0,"parent":0,"menu_order":0,"comment_status":"closed","ping_status":"closed","template":"","meta":{"elearning_container_layout":"tg-site-layout--default","elearning_sidebar_layout":"tg-site-layout--default","elearning_remove_content_margin":false,"elearning_sidebar":"default","elearning_transparent_header":"customizer","elearning_logo":0,"elearning_header_style":"default","elearning_menu_item_color":"","elearning_menu_item_hover_color":"","elearning_menu_item_active_color":"","elearning_menu_item_active_style":"","elearning_page_header":true,"footnotes":""},"class_list":["post-52","page","type-page","status-publish","hentry"],"_links":{"self":[{"href":"https:\/\/ppcomp.ufape.edu.br\/index.php?rest_route=\/wp\/v2\/pages\/52","targetHints":{"allow":["GET"]}}],"collection":[{"href":"https:\/\/ppcomp.ufape.edu.br\/index.php?rest_route=\/wp\/v2\/pages"}],"about":[{"href":"https:\/\/ppcomp.ufape.edu.br\/index.php?rest_route=\/wp\/v2\/types\/page"}],"author":[{"embeddable":true,"href":"https:\/\/ppcomp.ufape.edu.br\/index.php?rest_route=\/wp\/v2\/users\/2"}],"replies":[{"embeddable":true,"href":"https:\/\/ppcomp.ufape.edu.br\/index.php?rest_route=%2Fwp%2Fv2%2Fcomments&post=52"}],"version-history":[{"count":26,"href":"https:\/\/ppcomp.ufape.edu.br\/index.php?rest_route=\/wp\/v2\/pages\/52\/revisions"}],"predecessor-version":[{"id":409,"href":"https:\/\/ppcomp.ufape.edu.br\/index.php?rest_route=\/wp\/v2\/pages\/52\/revisions\/409"}],"wp:attachment":[{"href":"https:\/\/ppcomp.ufape.edu.br\/index.php?rest_route=%2Fwp%2Fv2%2Fmedia&parent=52"}],"curies":[{"name":"wp","href":"https:\/\/api.w.org\/{rel}","templated":true}]}}