{"id":246,"date":"2025-07-14T22:31:05","date_gmt":"2025-07-15T01:31:05","guid":{"rendered":"https:\/\/ppcomp.ufape.edu.br\/?page_id=246"},"modified":"2025-07-21T20:43:32","modified_gmt":"2025-07-21T23:43:32","slug":"informacoes-gerais","status":"publish","type":"page","link":"https:\/\/ppcomp.ufape.edu.br\/?page_id=246","title":{"rendered":""},"content":{"rendered":"\n<h1 class=\"wp-block-heading alignwide has-text-align-center\">Informa\u00e7\u00f5es Gerais<\/h1>\n\n\n\n<div style=\"height:21px\" aria-hidden=\"true\" class=\"wp-block-spacer\"><\/div>\n\n\n\n<div style=\"height:21px\" aria-hidden=\"true\" class=\"wp-block-spacer\"><\/div>\n\n\n\n<div class=\"wp-block-group alignwide is-layout-flow wp-block-group-is-layout-flow\" style=\"padding-right:var(--wp--preset--spacing--20);padding-left:var(--wp--preset--spacing--20)\">\n<div class=\"wp-block-group alignfull is-vertical is-content-justification-center is-layout-flex wp-container-core-group-is-layout-b6c1f246 wp-block-group-is-layout-flex\">\n<p>As disciplinas ser\u00e3o ofertadas no turno diurno, com possibilidade de oferta no turno noturno e aos s\u00e1bados. O formato das disciplinas \u00e9 presencial, entretanto, compreende a flexibilidade para a\u00e7\u00f5es remotas no que tange conte\u00fados, orienta\u00e7\u00f5es, reuni\u00f5es, palestras, aulas e outras a\u00e7\u00f5es das disciplinas e do curso. As disciplinas s\u00e3o ofertadas semestralmente, com obrigat\u00f3rias, optativas e gerais se alternando e se complementando.<\/p>\n<\/div>\n<\/div>\n\n\n\n<div style=\"height:21px\" aria-hidden=\"true\" class=\"wp-block-spacer\"><\/div>\n\n\n\n<div class=\"wp-block-group alignwide is-layout-flow wp-block-group-is-layout-flow\" style=\"padding-right:var(--wp--preset--spacing--20);padding-left:var(--wp--preset--spacing--20)\">\n<div class=\"wp-block-group alignfull is-vertical is-content-justification-left is-layout-flex wp-container-core-group-is-layout-b21d21b4 wp-block-group-is-layout-flex\">\n<p>Para a conclus\u00e3o do Mestrado ser\u00e1 exigido um m\u00ednimo de 24 (vinte e quatro) cr\u00e9ditos obtidos em disciplinas, sendo:<\/p>\n\n\n\n<ul class=\"wp-block-list\">\n<li>Pelo menos 8 (oito) cr\u00e9ditos em disciplinas obrigat\u00f3rias;<\/li>\n\n\n\n<li>Pelo menos 8 (oito) cr\u00e9ditos em disciplinas optativas;<\/li>\n\n\n\n<li>Os 8 (oito) cr\u00e9ditos restantes poder\u00e3o ser escolhidos em conjunto com o orientador, podendo escolher as duas disciplinas optativas, duas obrigat\u00f3rias ou uma de cada.<\/li>\n<\/ul>\n<\/div>\n<\/div>\n\n\n\n<div class=\"wp-block-group alignwide is-layout-flow wp-block-group-is-layout-flow\" style=\"padding-right:var(--wp--preset--spacing--20);padding-left:var(--wp--preset--spacing--20)\">\n<div class=\"wp-block-group alignfull is-vertical is-content-justification-left is-layout-flex wp-container-core-group-is-layout-b21d21b4 wp-block-group-is-layout-flex\">\n<p>Para realiza\u00e7\u00e3o do mestrado \u00e9 necess\u00e1rio o cumprimento de uma combina\u00e7\u00e3o de atividades. Como a realiza\u00e7\u00e3o das disciplinas, a defesa da qualifica\u00e7\u00e3o, a profici\u00eancia em l\u00edngua inglesa, a aprova\u00e7\u00e3o de um artigo cient\u00edfico e a defesa do mestrado.<\/p>\n<\/div>\n<\/div>\n\n\n\n<div style=\"height:21px\" aria-hidden=\"true\" class=\"wp-block-spacer\"><\/div>\n\n\n\n<div class=\"wp-block-group alignwide is-layout-flow wp-block-group-is-layout-flow\" style=\"padding-right:var(--wp--preset--spacing--20);padding-left:var(--wp--preset--spacing--20)\">\n<div class=\"wp-block-group alignfull is-vertical is-content-justification-left is-layout-flex wp-container-core-group-is-layout-b21d21b4 wp-block-group-is-layout-flex\">\n<p>O Mestrado em Ci\u00eancia da Computa\u00e7\u00e3o ter\u00e1 dura\u00e7\u00e3o m\u00ednima de 12 (doze) meses e m\u00e1xima de 24 (vinte e quatro) meses, contados a partir da matr\u00edcula inicial, devendo o candidato concluir o total de cr\u00e9ditos exigidos e, ainda, defender a Disserta\u00e7\u00e3o at\u00e9 o final do citado per\u00edodo para obter o grau de Mestre. Por\u00e9m, em casos excepcionais, devidamente justificados, os prazos estabelecidos poder\u00e3o ser prorrogados at\u00e9 o m\u00e1ximo de 6 (seis) meses, a crit\u00e9rio do Colegiado do PPCOMP.<\/p>\n<\/div>\n<\/div>\n","protected":false},"excerpt":{"rendered":"<p>Informa\u00e7\u00f5es Gerais As disciplinas ser\u00e3o ofertadas no turno diurno, com possibilidade de oferta no turno noturno e aos s\u00e1bados. O formato das disciplinas \u00e9 presencial, entretanto, compreende a flexibilidade para a\u00e7\u00f5es remotas no que tange conte\u00fados, orienta\u00e7\u00f5es, reuni\u00f5es, palestras, aulas e outras a\u00e7\u00f5es das disciplinas e do curso. As disciplinas s\u00e3o ofertadas semestralmente, com obrigat\u00f3rias, [&hellip;]<\/p>\n","protected":false},"author":2,"featured_media":0,"parent":0,"menu_order":0,"comment_status":"closed","ping_status":"closed","template":"","meta":{"elearning_container_layout":"tg-site-layout--default","elearning_sidebar_layout":"tg-site-layout--default","elearning_remove_content_margin":false,"elearning_sidebar":"default","elearning_transparent_header":"customizer","elearning_logo":0,"elearning_header_style":"default","elearning_menu_item_color":"","elearning_menu_item_hover_color":"","elearning_menu_item_active_color":"","elearning_menu_item_active_style":"","elearning_page_header":true,"footnotes":""},"class_list":["post-246","page","type-page","status-publish","hentry"],"_links":{"self":[{"href":"https:\/\/ppcomp.ufape.edu.br\/index.php?rest_route=\/wp\/v2\/pages\/246","targetHints":{"allow":["GET"]}}],"collection":[{"href":"https:\/\/ppcomp.ufape.edu.br\/index.php?rest_route=\/wp\/v2\/pages"}],"about":[{"href":"https:\/\/ppcomp.ufape.edu.br\/index.php?rest_route=\/wp\/v2\/types\/page"}],"author":[{"embeddable":true,"href":"https:\/\/ppcomp.ufape.edu.br\/index.php?rest_route=\/wp\/v2\/users\/2"}],"replies":[{"embeddable":true,"href":"https:\/\/ppcomp.ufape.edu.br\/index.php?rest_route=%2Fwp%2Fv2%2Fcomments&post=246"}],"version-history":[{"count":8,"href":"https:\/\/ppcomp.ufape.edu.br\/index.php?rest_route=\/wp\/v2\/pages\/246\/revisions"}],"predecessor-version":[{"id":405,"href":"https:\/\/ppcomp.ufape.edu.br\/index.php?rest_route=\/wp\/v2\/pages\/246\/revisions\/405"}],"wp:attachment":[{"href":"https:\/\/ppcomp.ufape.edu.br\/index.php?rest_route=%2Fwp%2Fv2%2Fmedia&parent=246"}],"curies":[{"name":"wp","href":"https:\/\/api.w.org\/{rel}","templated":true}]}}