{"id":149,"date":"2025-07-04T15:26:45","date_gmt":"2025-07-04T18:26:45","guid":{"rendered":"https:\/\/ppcomp.ufape.edu.br\/?page_id=149"},"modified":"2026-03-17T23:22:09","modified_gmt":"2026-03-18T02:22:09","slug":"home","status":"publish","type":"page","link":"https:\/\/ppcomp.ufape.edu.br\/","title":{"rendered":""},"content":{"rendered":"\n<div style=\"height:90px\" aria-hidden=\"true\" class=\"wp-block-spacer\"><\/div>\n\n\n\n<h1 class=\"wp-block-heading alignwide has-text-align-center has-x-large-font-size\">Mestrado em Ci\u00eancia da Computa\u00e7\u00e3o<\/h1>\n\n\n\n<div style=\"height:33px\" aria-hidden=\"true\" class=\"wp-block-spacer\"><\/div>\n\n\n\n<p class=\"has-text-align-center\"><strong>Aberto o Edital&nbsp;de Sele\u00e7\u00e3o&nbsp;de Discentes do Programa de P\u00f3s-gradua\u00e7\u00e3o <em>Stricto Sensu<\/em> em Ci\u00eancia da Computa\u00e7\u00e3o da UFAPE &#8211; 2026.1<\/strong><\/p>\n\n\n\n<p>O Programa de P\u00f3s-Gradua\u00e7\u00e3o em Ci\u00eancia da Computa\u00e7\u00e3o (PPCOMP) da Universidade Federal do Agreste de Pernambuco (UFAPE), em Garanhuns-PE, anuncia a abertura do processo seletivo para ingresso no Mestrado Acad\u00eamico em 2026.1!<\/p>\n\n\n\n<p>Linhas de Pesquisa: Sistemas de Computa\u00e7\u00e3o (SC) e Computa\u00e7\u00e3o Inteligente (CI)<\/p>\n\n\n\n<p>Inscri\u00e7\u00f5es Online: O processo de inscri\u00e7\u00e3o \u00e9 totalmente online, e pode se realizado atrav\u00e9s do <a href=\"https:\/\/sigs.ufape.edu.br\/sigaa\/public\/processo_seletivo\/lista.jsf?aba=p-stricto&amp;nivel=S\" data-type=\"link\" data-id=\"https:\/\/sigs.ufape.edu.br\/sigaa\/public\/processo_seletivo\/lista.jsf?aba=p-stricto&amp;nivel=S\">LINK<\/a>.<\/p>\n\n\n\n<p>Fique atento \u00e0s datas importantes do cronograma:<\/p>\n\n\n\n<p>Abertura das inscri\u00e7\u00f5es: 09\/01\/2026<br>Data limite para requerimento de isen\u00e7\u00e3o de pagamento da taxa de inscri\u00e7\u00e3o: 14\/01\/2026<br>Encerramento das inscri\u00e7\u00f5es: 28\/01\/2026<br>Divulga\u00e7\u00e3o do Resultado Final: 21\/02\/2026<br>Matr\u00edcula dos candidatos selecionados: 23-27\/02\/2026<br>In\u00edcio das aulas: 09\/03\/2026<\/p>\n\n\n\n<p>Para mais informa\u00e7\u00f5es, acesse o edital completo atrav\u00e9s do <a href=\"https:\/\/sigs.ufape.edu.br\/sigaa\/public\/processo_seletivo\/lista.jsf?aba=p-stricto&amp;nivel=S\" data-type=\"link\" data-id=\"https:\/\/sigs.ufape.edu.br\/sigaa\/public\/processo_seletivo\/lista.jsf?aba=p-stricto&amp;nivel=S\">LINK<\/a> ou entre em contato pelo e-mail: adm.ppcomp@ufape.edu.br<\/p>\n\n\n\n<div class=\"wp-block-buttons is-content-justification-center is-layout-flex wp-container-core-buttons-is-layout-a89b3969 wp-block-buttons-is-layout-flex\">\n<div class=\"wp-block-button\"><a class=\"wp-block-button__link wp-element-button\">Documentos<\/a><\/div>\n<\/div>\n\n\n\n<ul class=\"wp-block-list\">\n<li><a href=\"https:\/\/ppcomp.ufape.edu.br\/wp-content\/uploads\/2026\/01\/Edital-mestrado-PPCOMP-2026.pdf\">Edital 2026.1<\/a><\/li>\n\n\n\n<li><a href=\"https:\/\/ppcomp.ufape.edu.br\/wp-content\/uploads\/2026\/01\/Manual-do-Candidato-UFAPE.pdf\">Manual do Candidato<\/a><\/li>\n\n\n\n<li><a href=\"https:\/\/ppcomp.ufape.edu.br\/wp-content\/uploads\/2026\/01\/Pedidos-de-isencao-Lista-preliminar-Edital-PPCOMP-2026.1.pdf\">Pedidos de Isen\u00e7\u00e3o &#8211; Lista Preliminar<\/a><\/li>\n\n\n\n<li><a href=\"https:\/\/ppcomp.ufape.edu.br\/wp-content\/uploads\/2026\/01\/Pedidos-de-isencao-Lista-final-Edital-PPCOMP-2026.1.pdf\" data-type=\"link\" data-id=\"https:\/\/ppcomp.ufape.edu.br\/wp-content\/uploads\/2026\/01\/Pedidos-de-isencao-Lista-final-Edital-PPCOMP-2026.1.pdf\">Pedidos de Isen\u00e7\u00e3o &#8211; Lista Final<\/a><\/li>\n\n\n\n<li><a href=\"https:\/\/ppcomp.ufape.edu.br\/wp-content\/uploads\/2026\/02\/Homologacao-de-inscricoes-preliminar-Edital-PPCOMP-2026.pdf\" data-type=\"link\" data-id=\"https:\/\/ppcomp.ufape.edu.br\/wp-content\/uploads\/2026\/02\/Homologacao-de-inscricoes-preliminar-Edital-PPCOMP-2026.pdf\">Inscri\u00e7\u00f5es Homologadas &#8211; Lista Preliminar<\/a><\/li>\n\n\n\n<li><a href=\"https:\/\/ppcomp.ufape.edu.br\/wp-content\/uploads\/2026\/02\/Homologacao-de-inscricoes-final-Edital-PPCOMP-2026.pdf\" data-type=\"link\" data-id=\"https:\/\/ppcomp.ufape.edu.br\/wp-content\/uploads\/2026\/02\/Homologacao-de-inscricoes-final-Edital-PPCOMP-2026.pdf\">Inscri\u00e7\u00f5es Homologadas &#8211; Lista Final<\/a><\/li>\n\n\n\n<li><a href=\"https:\/\/ppcomp.ufape.edu.br\/wp-content\/uploads\/2026\/02\/Resultado-preliminar-Edital-PPCOMP-2026.pdf\" data-type=\"link\" data-id=\"https:\/\/ppcomp.ufape.edu.br\/wp-content\/uploads\/2026\/02\/Resultado-preliminar-Edital-PPCOMP-2026.pdf\">Resultado Preliminar<\/a><\/li>\n\n\n\n<li><a href=\"https:\/\/ppcomp.ufape.edu.br\/wp-content\/uploads\/2026\/02\/Convocacao-candidatos-pretos-e-pardos.pdf\" data-type=\"link\" data-id=\"https:\/\/ppcomp.ufape.edu.br\/wp-content\/uploads\/2026\/02\/Convocacao-candidatos-pretos-e-pardos.pdf\">Convoca\u00e7\u00e3o Candidato(s) Preto(s) e Pardo(s)<\/a><\/li>\n\n\n\n<li><a href=\"https:\/\/ppcomp.ufape.edu.br\/wp-content\/uploads\/2026\/02\/Resultado-final-Edital-PPCOMP-2026.pdf\" data-type=\"link\" data-id=\"https:\/\/ppcomp.ufape.edu.br\/wp-content\/uploads\/2026\/02\/Resultado-final-Edital-PPCOMP-2026.pdf\">Resultado Final<\/a><\/li>\n\n\n\n<li><a href=\"https:\/\/ppcomp.ufape.edu.br\/wp-content\/uploads\/2026\/02\/Documentos-matricula-PPCOMP-2026.pdf\">Documentos Matr\u00edcula<\/a><\/li>\n\n\n\n<li><a href=\"https:\/\/ppcomp.ufape.edu.br\/wp-content\/uploads\/2026\/02\/Ficha_de_Identificacao_Discente_2026.pdf\" data-type=\"link\" data-id=\"https:\/\/ppcomp.ufape.edu.br\/wp-content\/uploads\/2026\/02\/Ficha_de_Identificacao_Discente_2026.pdf\">Ficha de Identifica\u00e7\u00e3o Discente<\/a><\/li>\n\n\n\n<li><a href=\"https:\/\/ppcomp.ufape.edu.br\/wp-content\/uploads\/2026\/03\/Convocacao-01-Edital-PPCOMP-2026.pdf\" data-type=\"link\" data-id=\"https:\/\/ppcomp.ufape.edu.br\/wp-content\/uploads\/2026\/03\/Convocacao-01-Edital-PPCOMP-2026.pdf\">Convoca\u00e7\u00e3o 01 &#8211; Matr\u00edcula<\/a><\/li>\n\n\n\n<li><a href=\"https:\/\/ppcomp.ufape.edu.br\/wp-content\/uploads\/2026\/03\/Convocacao-02-Edital-PPCOMP-2026.pdf\" data-type=\"link\" data-id=\"https:\/\/ppcomp.ufape.edu.br\/wp-content\/uploads\/2026\/03\/Convocacao-02-Edital-PPCOMP-2026.pdf\">Convoca\u00e7\u00e3o 02 &#8211; Matr\u00edcula<\/a><\/li>\n\n\n\n<li><a href=\"https:\/\/ppcomp.ufape.edu.br\/wp-content\/uploads\/2026\/03\/Convocacao-03-Edital-PPCOMP-2026.pdf\" data-type=\"link\" data-id=\"https:\/\/ppcomp.ufape.edu.br\/wp-content\/uploads\/2026\/03\/Convocacao-03-Edital-PPCOMP-2026.pdf\">Convoca\u00e7\u00e3o 03 &#8211; Matr\u00edcula<\/a><\/li>\n\n\n\n<li><a href=\"https:\/\/ppcomp.ufape.edu.br\/wp-content\/uploads\/2026\/03\/Ranking-prioritario-bolsas-PPCOMP-2026.pdf\" data-type=\"link\" data-id=\"https:\/\/ppcomp.ufape.edu.br\/wp-content\/uploads\/2026\/03\/Ranking-prioritario-bolsas-PPCOMP-2026.pdf\">Ranking priorit\u00e1rio de bolsas<\/a><\/li>\n\n\n\n<li><a href=\"https:\/\/ppcomp.ufape.edu.br\/wp-content\/uploads\/2026\/03\/Convocacao-04-Edital-PPCOMP-2026.pdf\" data-type=\"link\" data-id=\"https:\/\/ppcomp.ufape.edu.br\/wp-content\/uploads\/2026\/03\/Convocacao-04-Edital-PPCOMP-2026.pdf\">Convoca\u00e7\u00e3o 04 &#8211; Matr\u00edcula<\/a><\/li>\n\n\n\n<li><a href=\"https:\/\/ppcomp.ufape.edu.br\/wp-content\/uploads\/2026\/03\/Ranking-prioritario-bolsas-PPCOMP-2026-Atualizado.pdf\" data-type=\"link\" data-id=\"https:\/\/ppcomp.ufape.edu.br\/wp-content\/uploads\/2026\/03\/Ranking-prioritario-bolsas-PPCOMP-2026-Atualizado.pdf\">Ranking priorit\u00e1rio de bolsas &#8211; atualizado<\/a><\/li>\n<\/ul>\n\n\n\n<p><\/p>\n","protected":false},"excerpt":{"rendered":"<p>Mestrado em Ci\u00eancia da Computa\u00e7\u00e3o Aberto o Edital&nbsp;de Sele\u00e7\u00e3o&nbsp;de Discentes do Programa de P\u00f3s-gradua\u00e7\u00e3o Stricto Sensu em Ci\u00eancia da Computa\u00e7\u00e3o da UFAPE &#8211; 2026.1 O Programa de P\u00f3s-Gradua\u00e7\u00e3o em Ci\u00eancia da Computa\u00e7\u00e3o (PPCOMP) da Universidade Federal do Agreste de Pernambuco (UFAPE), em Garanhuns-PE, anuncia a abertura do processo seletivo para ingresso no Mestrado Acad\u00eamico em [&hellip;]<\/p>\n","protected":false},"author":2,"featured_media":0,"parent":0,"menu_order":0,"comment_status":"closed","ping_status":"closed","template":"","meta":{"elearning_container_layout":"tg-site-layout--default","elearning_sidebar_layout":"tg-site-layout--default","elearning_remove_content_margin":false,"elearning_sidebar":"default","elearning_transparent_header":"customizer","elearning_logo":0,"elearning_header_style":"default","elearning_menu_item_color":"","elearning_menu_item_hover_color":"","elearning_menu_item_active_color":"","elearning_menu_item_active_style":"","elearning_page_header":true,"footnotes":""},"class_list":["post-149","page","type-page","status-publish","hentry"],"_links":{"self":[{"href":"https:\/\/ppcomp.ufape.edu.br\/index.php?rest_route=\/wp\/v2\/pages\/149","targetHints":{"allow":["GET"]}}],"collection":[{"href":"https:\/\/ppcomp.ufape.edu.br\/index.php?rest_route=\/wp\/v2\/pages"}],"about":[{"href":"https:\/\/ppcomp.ufape.edu.br\/index.php?rest_route=\/wp\/v2\/types\/page"}],"author":[{"embeddable":true,"href":"https:\/\/ppcomp.ufape.edu.br\/index.php?rest_route=\/wp\/v2\/users\/2"}],"replies":[{"embeddable":true,"href":"https:\/\/ppcomp.ufape.edu.br\/index.php?rest_route=%2Fwp%2Fv2%2Fcomments&post=149"}],"version-history":[{"count":69,"href":"https:\/\/ppcomp.ufape.edu.br\/index.php?rest_route=\/wp\/v2\/pages\/149\/revisions"}],"predecessor-version":[{"id":666,"href":"https:\/\/ppcomp.ufape.edu.br\/index.php?rest_route=\/wp\/v2\/pages\/149\/revisions\/666"}],"wp:attachment":[{"href":"https:\/\/ppcomp.ufape.edu.br\/index.php?rest_route=%2Fwp%2Fv2%2Fmedia&parent=149"}],"curies":[{"name":"wp","href":"https:\/\/api.w.org\/{rel}","templated":true}]}}